{"id":27,"date":"2016-08-19T10:33:34","date_gmt":"2016-08-19T09:33:34","guid":{"rendered":"http:\/\/www.freespiritflow.com\/?page_id=27"},"modified":"2016-10-06T15:56:47","modified_gmt":"2016-10-06T14:56:47","slug":"poetic-flow","status":"publish","type":"page","link":"http:\/\/www.freespiritflow.com\/cs\/poetic-flow\/","title":{"rendered":"Na vln\u011b poetiky"},"content":{"rendered":"<p><\/p>\n<p style=\"text-align: center;\"><img decoding=\"async\" loading=\"lazy\" class=\"size-medium wp-image-78 alignleft\" src=\"http:\/\/www.freespiritflow.com\/wp-content\/uploads\/2016\/08\/Sv\u011btlo-a-l\u00e1ska_-1-300x225.jpg\" alt=\"Sv\u011btlo a l\u00e1ska_\" width=\"300\" height=\"225\" srcset=\"http:\/\/www.freespiritflow.com\/wp-content\/uploads\/2016\/08\/Sv\u011btlo-a-l\u00e1ska_-1-300x225.jpg 300w, http:\/\/www.freespiritflow.com\/wp-content\/uploads\/2016\/08\/Sv\u011btlo-a-l\u00e1ska_-1-768x576.jpg 768w, http:\/\/www.freespiritflow.com\/wp-content\/uploads\/2016\/08\/Sv\u011btlo-a-l\u00e1ska_-1.jpg 1000w\" sizes=\"(max-width: 300px) 100vw, 300px\" \/>\u201cNEZ\u00c1LE\u017d\u00cd KDE<br \/>\nBYDL\u00cd\u0160,<br \/>\nKDE PRACUJE\u0160,<br \/>\nCO VLASTN\u00cd\u0160<br \/>\nNEBO\u00a0S K\u00ddM SE\u00a0ZN\u00c1\u0160.<\/p>\n<p style=\"text-align: center;\">V\u0160E JE TAK POM\u00cdJIV\u00c9\u2026<\/p>\n<p style=\"text-align: center;\">AV\u0160AK STAR\u00c1\u0160-LI SE, KDO JSI<br \/>\nA JAK\u00c1 P\u0158ESV\u011aD\u010cEN\u00cd M\u00c1\u0160,<br \/>\nU\u017dIJE\u0160 SI\u00a0P\u0158\u00cdLIV A\u00a0ODLIV LID\u00cd<br \/>\nV\u00a0KR\u00c1SE NEKONE\u010cN\u00c9HO P\u0158\u00cdB\u011aHU.&#8221;<\/p>\n<h6 style=\"text-align: center;\">NEL THE HIPPOGRYPH 2011<\/h6>\n<p>&nbsp;<\/p>\n<p>Zde najdete mnoho povzn\u00e1\u0161ej\u00edc\u00edch, okouzluj\u00edc\u00edch a p\u016fvabn\u00fdch r\u00fdmovan\u00fdch \u010di poeticky lad\u011bn\u00fdch slov a obraz\u016f. Mnohdy inspirovan\u00fdch P\u0159\u00edrodou. Od odli\u0161n\u00fdch autor\u016f.<\/p>\n<p>P\u0159\u00edjemnou z\u00e1bavu!<\/p>","protected":false},"excerpt":{"rendered":"<p>\u201cNEZ\u00c1LE\u017d\u00cd KDE BYDL\u00cd\u0160, KDE PRACUJE\u0160, CO VLASTN\u00cd\u0160 NEBO\u00a0S K\u00ddM SE\u00a0ZN\u00c1\u0160. V\u0160E JE TAK POM\u00cdJIV\u00c9\u2026 AV\u0160AK STAR\u00c1\u0160-LI SE, KDO JSI A JAK\u00c1 P\u0158ESV\u011aD\u010cEN\u00cd M\u00c1\u0160, U\u017dIJE\u0160 SI\u00a0P\u0158\u00cdLIV A\u00a0ODLIV LID\u00cd V\u00a0KR\u00c1SE NEKONE\u010cN\u00c9HO P\u0158\u00cdB\u011aHU.&#8221; NEL THE HIPPOGRYPH 2011 &nbsp; Zde najdete mnoho povzn\u00e1\u0161ej\u00edc\u00edch, okouzluj\u00edc\u00edch a p\u016fvabn\u00fdch r\u00fdmovan\u00fdch \u010di poeticky lad\u011bn\u00fdch slov a obraz\u016f. Mnohdy inspirovan\u00fdch P\u0159\u00edrodou. Od odli\u0161n\u00fdch autor\u016f. [&hellip;]<\/p>\n","protected":false},"author":1,"featured_media":0,"parent":0,"menu_order":0,"comment_status":"closed","ping_status":"closed","template":"","meta":[],"_links":{"self":[{"href":"http:\/\/www.freespiritflow.com\/cs\/wp-json\/wp\/v2\/pages\/27"}],"collection":[{"href":"http:\/\/www.freespiritflow.com\/cs\/wp-json\/wp\/v2\/pages"}],"about":[{"href":"http:\/\/www.freespiritflow.com\/cs\/wp-json\/wp\/v2\/types\/page"}],"author":[{"embeddable":true,"href":"http:\/\/www.freespiritflow.com\/cs\/wp-json\/wp\/v2\/users\/1"}],"replies":[{"embeddable":true,"href":"http:\/\/www.freespiritflow.com\/cs\/wp-json\/wp\/v2\/comments?post=27"}],"version-history":[{"count":14,"href":"http:\/\/www.freespiritflow.com\/cs\/wp-json\/wp\/v2\/pages\/27\/revisions"}],"predecessor-version":[{"id":217,"href":"http:\/\/www.freespiritflow.com\/cs\/wp-json\/wp\/v2\/pages\/27\/revisions\/217"}],"wp:attachment":[{"href":"http:\/\/www.freespiritflow.com\/cs\/wp-json\/wp\/v2\/media?parent=27"}],"curies":[{"name":"wp","href":"https:\/\/api.w.org\/{rel}","templated":true}]}}