{"id":14,"date":"2016-06-19T07:12:15","date_gmt":"2016-06-19T06:12:15","guid":{"rendered":"http:\/\/www.freespiritflow.com\/?page_id=14"},"modified":"2016-10-11T16:48:55","modified_gmt":"2016-10-11T15:48:55","slug":"about","status":"publish","type":"page","link":"http:\/\/www.freespiritflow.com\/en\/about\/","title":{"rendered":"About me"},"content":{"rendered":"<p><img decoding=\"async\" loading=\"lazy\" class=\"size-full wp-image-61 alignleft\" src=\"http:\/\/www.freespiritflow.com\/wp-content\/uploads\/2016\/06\/webovy-1.jpg\" alt=\"webovy 1\" width=\"150\" height=\"187\" \/><\/p>\n<h6>welcome to\u00a0\u00a0<em>FreeSpiritFlow<\/em>\u00a0by <em>Nel the Hippogryph<\/em><\/h6>\n<p><strong><u>\u201cWHY NEL THE HIPPOGRYPH?\u201d<\/u><\/strong><\/p>\n<p><em>I have a deep fascination with Nature, symbols and\u00a0unconditional Love. My artistic name has arisen from those ideas. I feel that Hippogryphs are considerably associated with these aspects of life.<\/em><\/p>\n<h6>painting\u00a0\u00a9 Lucie Tom\u00e1\u0161ov\u00e1 2012<\/h6>\n<p><img decoding=\"async\" loading=\"lazy\" class=\"size-full wp-image-62 alignright\" src=\"http:\/\/www.freespiritflow.com\/wp-content\/uploads\/2016\/06\/Hippogryph-foal.jpg\" alt=\"Hippogryph foal\" width=\"272\" height=\"185\" \/><\/p>\n<p><em>\u2018<strong> A Hippogryph\u00b4s\u00a0story\u2019<\/strong> Hippogryph (also known as hippogriff) is said to be an offspring of a griffin and a mare. This impossible love between predator and prey makes hippogryph a symbol for \u2018impossible love\u2019; an English saying for the impossible would be \u2018pigs might fly\u2019. Hippogryph has the body-half eagle, half horse- can go faster than the speed of light, yet a hippogryph is tameable and loving.<\/em><\/p>\n<p><img decoding=\"async\" loading=\"lazy\" class=\"wp-image-63 alignleft\" src=\"http:\/\/www.freespiritflow.com\/wp-content\/uploads\/2016\/06\/P1210956-300x225.jpg\" alt=\"P1210956\" width=\"192\" height=\"144\" srcset=\"http:\/\/www.freespiritflow.com\/wp-content\/uploads\/2016\/06\/P1210956-300x225.jpg 300w, http:\/\/www.freespiritflow.com\/wp-content\/uploads\/2016\/06\/P1210956.jpg 360w\" sizes=\"(max-width: 192px) 100vw, 192px\" \/><\/p>\n<p>&nbsp;<\/p>\n<p><em><strong>&#8216;<\/strong>\u00a0Nela\u00b4s \u00a0<strong>Hippogryph story&#8217;<\/strong><\/em><\/p>\n<p>Within me also coexist and blend contradictory aspects and their integration is my true path of Life.<\/p>\n<p>An early example of my interests were observing situations and walking the \u2018least-trodden\u2019 paths; asking\u00a0odd questions about the meaning of life. \u00a0That searching led me to study Nature and Animal Welfare. Since the age of 9 I have engaged with these subjects using inner intuition and the passion from my heart which has grown year by year. I graduated in Agriculture\/Horse breeding in 2004.<\/p>\n<h5>\u00a0\u00a0 Less than ordinary and little lonely my teenage years would always be the years that consistently brought me new levels of awareness. \u00a0I took interests in an alternative esoteric reading. I observed and actively engaged with local surroundings and community. Volunteering for a non-government organization that promotes a sustainable development in the Czech Republic. (I was born in Czechoslovakia). This organization called \u2018Brontosaurus\u2019\u00a0 (<a href=\"http:\/\/www.brontosaurus.cz\/\" target=\"_blank\">http:\/\/www.brontosaurus.cz\/<\/a> ) is a community that teaches care for Nature by integrating it into society in a fun and inspiring way.<\/h5>\n<p>Lived and worked in London (UK) for 7 years, that time broadened my view during my 20\u2019s. I\u2019ve changed many of my old patterns of behaviour; layer after layer. Such experiences taught me to BE; live in the HERE and NOW. Alongside my own enhancing experiences my inspiration came from Osho, Abraham Hicks, Eckhart Tolle,\u00a0St Exupery-The Little Prince, my own\u00a0MEDITATION and from many others; people\u00a0you can meet at our\u00a0&#8216;Oneworld&#8217;s&#8217;\u00a0page\u2026<\/p>\n<h5>Further in early\u00a0\u00a030&#8217;s\u00a0(meaning now): volunteering, travelling, working; <span style=\"text-decoration: underline;\">Norway\u00a0Wwoofing at organic farms<\/span>,\u00a0(<a href=\"http:\/\/www.wwoof.net\" target=\"_blank\">http:\/\/www.wwoof.net<\/a>)<br \/>\nand<strong> back to Czech working at the <span style=\"text-decoration: underline;\">esoteric book store<\/span> <\/strong>(<a href=\"http:\/\/www.ritualbrno.cz\" target=\"_blank\">http:\/\/www.ritualbrno.cz<\/a>) and the <span style=\"text-decoration: underline;\">orient wholesale trade shop<\/span> (<a href=\"http:\/\/www.shanti.cz\" target=\"_blank\">http:\/\/www.shanti.cz<\/a>).<strong><br \/>\n<\/strong><\/h5>\n<p><strong>My great joy is <\/strong><strong>indeed creativity, <\/strong><strong>that <\/strong><strong>I share at the webpage called &#8216;Poetic flow&#8217; <\/strong><\/p>\n<p><strong><u><img decoding=\"async\" loading=\"lazy\" class=\"alignnone wp-image-111 size-medium alignleft\" src=\"http:\/\/www.freespiritflow.com\/wp-content\/uploads\/2016\/08\/Logo2-300x298.png\" width=\"300\" height=\"298\" srcset=\"http:\/\/www.freespiritflow.com\/wp-content\/uploads\/2016\/08\/Logo2-300x298.png 300w, http:\/\/www.freespiritflow.com\/wp-content\/uploads\/2016\/08\/Logo2-150x150.png 150w, http:\/\/www.freespiritflow.com\/wp-content\/uploads\/2016\/08\/Logo2.png 726w\" sizes=\"(max-width: 300px) 100vw, 300px\" \/>\u201cWHY THE FREE SPIRIT FLOW?\u201d<\/u><\/strong><\/p>\n<p><strong><em>I see the world with developer\u2019s eyes..\u00a0always\u00a0 a freedom, a joy and a growth.\u00a0By connecting to like-minded people I&#8217;d love to share some integrity here. <\/em><\/strong><\/p>\n<p><strong>Creating\u00a0such\u00a0website to <\/strong><strong>feel\u00a0good<\/strong><strong>, to see beautiful things and get <\/strong><strong>inspired by natural creativity <\/strong><strong>from people all over the world.<\/strong><\/p>\n<p>Whether we mentioning\u00a0a painter, a writer, a singer or any <em>no column fitter<\/em>&#8230; it&#8217;s <strong>always up-lifting at its core.<\/strong><\/p>\n<p>Happy and unique portal as we share only a <em>free spirit inspiration CREATIVITY.<\/em><\/p>\n<p><strong>By &#8216;<em>Free Spirit Flow&#8217; we wish to enhance this meaning and some qualities<\/em><\/strong><em>&gt;<br \/>\n<\/em><em>FREE\u00a0\u00a0 \u00a0~ <\/em>no conventions, free mind, even rebellious<br \/>\nSPIRIT\u00a0~ non physical, alternative, soul, heart, love<br \/>\nFLOW \u00a0 ~ down stream, ease, playfulness, joy<\/p>\n<p>Have a good time \ud83d\ude42<br \/>\nYour FreeSpiritFlow &amp; Nel the Hippogryph<\/p>\n<h2><span style=\"color: #800080;\"><strong><em>Acknowledgement<\/em><\/strong><\/span><\/h2>\n<p><span style=\"color: #ff6600;\">Everything\u00a0we created here is to <strong>share and inspire; everyone shines<\/strong> <strong>with an inner light<\/strong> which can radiate out into the world. My\u00a0greatest\u00a0appreciation goes to all the people who gave me a kind\u00a0guidance and to Nature for its infinite unconditional\u00a0being.<\/span><\/p>\n<p><span style=\"color: #000000;\">Along with the many that supported and advised me to develop my dream, I wish to send my thanks to some key people who have helped in such a willing and positive way;<\/span><\/p>\n<p>A big\u00a0THANK YOU\u00a0to <strong>Tres<\/strong> (UK) and\u00a0<strong>Vlastimil Tejnora\u00a0<\/strong>and <strong>Sarka Svobodova<\/strong> (CZ) (for their help with English grammar and web creation support; <a href=\"http:\/\/www.vltea.cz\/\" target=\"_blank\">http:\/\/www.vltea.cz\/<\/a>)\u00a0For their\u00a0empathy and intuitive feelings for this project!<\/p>\n<p>For my\u00a0personal career growth, my tribute goes to <strong>Andrea Mann <\/strong>(UK)\u00a0(Career professional), especially her positive support to persevere with developing path to my dream job which I will remember as very uplifting.<\/p>\n<p>For design and creativity cooperation I need to express some recognition to my dear brother, an intuitive musician, <strong>Teo Hasak\/Woltrax.<\/strong> (<a href=\"http:\/\/woltrax.bandcamp.com\/\" target=\"_blank\">http:\/\/woltrax.bandcamp.com<\/a>)<\/p>\n<p><span style=\"color: #ff6600;\"><strong>Many thanks of course to everyone who visits, shares and spares their time to<em> \u2018flow\u2019<\/em> together.<\/strong><\/span><\/p>\n<p style=\"text-align: center;\">\u201cNO MATTER WHERE YOUR HOME IS, WHAT YOUR PROFESSION IS, WHAT YOU OWN OR WHO YOU KNOW.<\/p>\n<p style=\"text-align: center;\">EVERYTHING IS SO EPHEMERAL\u2026<\/p>\n<p style=\"text-align: center;\">THOUGH MAY YOU CARE WHO YOU ARE AND WHAT YOUR BELIEVES ARE, YOU WILL ENJOY GOOD PEOPLE COMING AND LEAVING IN THIS NEVERENDING STORY.\u201d<\/p>\n<p style=\"text-align: center;\">NEL THE HIPPOGRYPH 2011<\/p>\n<p style=\"text-align: center;\">I wish you all a pleasant and inspiring journey, it will be nice meeting you along the way. Love and Peace<\/p>\n<p><\/p>","protected":false},"excerpt":{"rendered":"<p>welcome to\u00a0\u00a0FreeSpiritFlow\u00a0by Nel the Hippogryph \u201cWHY NEL THE HIPPOGRYPH?\u201d I have a deep fascination with Nature, symbols and\u00a0unconditional Love. My artistic name has arisen from those ideas. I feel that Hippogryphs are considerably associated with these aspects of life. painting\u00a0\u00a9 Lucie Tom\u00e1\u0161ov\u00e1 2012 \u2018 A Hippogryph\u00b4s\u00a0story\u2019 Hippogryph (also known as hippogriff) is said to be [&hellip;]<\/p>\n","protected":false},"author":1,"featured_media":0,"parent":0,"menu_order":0,"comment_status":"closed","ping_status":"closed","template":"","meta":[],"_links":{"self":[{"href":"http:\/\/www.freespiritflow.com\/en\/wp-json\/wp\/v2\/pages\/14"}],"collection":[{"href":"http:\/\/www.freespiritflow.com\/en\/wp-json\/wp\/v2\/pages"}],"about":[{"href":"http:\/\/www.freespiritflow.com\/en\/wp-json\/wp\/v2\/types\/page"}],"author":[{"embeddable":true,"href":"http:\/\/www.freespiritflow.com\/en\/wp-json\/wp\/v2\/users\/1"}],"replies":[{"embeddable":true,"href":"http:\/\/www.freespiritflow.com\/en\/wp-json\/wp\/v2\/comments?post=14"}],"version-history":[{"count":27,"href":"http:\/\/www.freespiritflow.com\/en\/wp-json\/wp\/v2\/pages\/14\/revisions"}],"predecessor-version":[{"id":247,"href":"http:\/\/www.freespiritflow.com\/en\/wp-json\/wp\/v2\/pages\/14\/revisions\/247"}],"wp:attachment":[{"href":"http:\/\/www.freespiritflow.com\/en\/wp-json\/wp\/v2\/media?parent=14"}],"curies":[{"name":"wp","href":"https:\/\/api.w.org\/{rel}","templated":true}]}}