{"id":34,"date":"2016-08-19T10:52:14","date_gmt":"2016-08-19T09:52:14","guid":{"rendered":"http:\/\/www.freespiritflow.com\/?page_id=34"},"modified":"2017-04-09T14:02:08","modified_gmt":"2017-04-09T13:02:08","slug":"oneworld-people-portal","status":"publish","type":"page","link":"http:\/\/www.freespiritflow.com\/en\/oneworld-people-portal\/","title":{"rendered":"OneWorld People portal"},"content":{"rendered":"<p><\/p>\n<h4 style=\"text-align: center;\">In this section you&#8217;re welcomed to see art of various joyous people all over the world, who let their own spirit to guide them.<\/h4>\n<h2><img decoding=\"async\" loading=\"lazy\" class=\" wp-image-238 aligncenter\" src=\"http:\/\/www.freespiritflow.com\/wp-content\/uploads\/2016\/08\/List.png\" alt=\"list\" width=\"148\" height=\"148\" \/>Fine Artists:<br \/>\n<img decoding=\"async\" loading=\"lazy\" class=\"wp-image-139 alignleft\" src=\"http:\/\/www.freespiritflow.com\/wp-content\/uploads\/2016\/09\/Mulbury-Web-287x300.jpg\" alt=\"mulbury-web\" width=\"60\" height=\"63\" srcset=\"http:\/\/www.freespiritflow.com\/wp-content\/uploads\/2016\/09\/Mulbury-Web-287x300.jpg 287w, http:\/\/www.freespiritflow.com\/wp-content\/uploads\/2016\/09\/Mulbury-Web.jpg 754w\" sizes=\"(max-width: 60px) 100vw, 60px\" \/><br \/>\n<span style=\"text-decoration: underline;\"><span style=\"color: #333399; text-decoration: underline;\"><a style=\"color: #333399; text-decoration: underline;\" href=\"http:\/\/www.freespiritflow.com\/arongadd\/\" target=\"_blank\">Aron Gadd<\/a><\/span><\/span><\/h2>\n<p>&nbsp;<\/p>\n<p>&nbsp;<\/p>\n<h3><img decoding=\"async\" loading=\"lazy\" class=\"alignnone wp-image-163\" src=\"http:\/\/www.freespiritflow.com\/wp-content\/uploads\/2016\/09\/Jo-Wall-300x227.jpg\" alt=\"jo-wall\" width=\"64\" height=\"48\" srcset=\"http:\/\/www.freespiritflow.com\/wp-content\/uploads\/2016\/09\/Jo-Wall-300x227.jpg 300w, http:\/\/www.freespiritflow.com\/wp-content\/uploads\/2016\/09\/Jo-Wall.jpg 700w\" sizes=\"(max-width: 64px) 100vw, 64px\" \/>\u00a0<strong><span style=\"color: #ff0000;\"><a style=\"color: #ff0000;\" href=\"http:\/\/www.freespiritflow.com\/josephine-wall\/\" target=\"_blank\"><span style=\"text-decoration: underline;\"><span style=\"color: #333399; text-decoration: underline;\">Josephine Wall<\/span><\/span><\/a><\/span><\/strong><\/h3>\n<h3><span style=\"color: #ff0000;\"><br \/>\n<img decoding=\"async\" loading=\"lazy\" class=\"alignnone wp-image-265\" src=\"http:\/\/www.freespiritflow.com\/wp-content\/uploads\/2016\/10\/ivo-sevcik-300x300.jpg\" alt=\"ivo-sevcik\" width=\"52\" height=\"52\" srcset=\"http:\/\/www.freespiritflow.com\/wp-content\/uploads\/2016\/10\/ivo-sevcik-300x300.jpg 300w, http:\/\/www.freespiritflow.com\/wp-content\/uploads\/2016\/10\/ivo-sevcik-150x150.jpg 150w, http:\/\/www.freespiritflow.com\/wp-content\/uploads\/2016\/10\/ivo-sevcik.jpg 512w\" sizes=\"(max-width: 52px) 100vw, 52px\" \/>\u00a0<strong><span style=\"text-decoration: underline;\"><a style=\"color: #ff0000; text-decoration: underline;\" href=\"http:\/\/www.freespiritflow.com\/ivo-sevcik\/\" target=\"_blank\"><span style=\"color: #333399; text-decoration: underline;\">Ivo \u0160ev\u010d\u00edk<\/span><\/a><\/span><\/strong><\/span><\/h3>\n<h2><\/h2>\n<h2><span style=\"color: #3366ff;\">Musicians:<\/span><\/h2>\n<h3><a href=\"http:\/\/www.freespiritflow.com\/ivo-sevcik\/\" target=\"_blank\"><img decoding=\"async\" loading=\"lazy\" src=\"http:\/\/www.freespiritflow.com\/wp-content\/uploads\/2016\/10\/Maok-300x200.jpg\" alt=\"maok\" width=\"77\" height=\"51\" \/><\/a><span style=\"text-decoration: underline;\"><span style=\"color: #333399;\"><strong>\u00a0 <a style=\"color: #333399; text-decoration: underline;\" href=\"http:\/\/www.freespiritflow.com\/maok\/\" target=\"_blank\">Maok<\/a><\/strong><\/span><\/span><\/h3>\n<h3><img decoding=\"async\" loading=\"lazy\" class=\"alignnone wp-image-555\" src=\"http:\/\/www.freespiritflow.com\/wp-content\/uploads\/2016\/11\/woltrax-2.jpg\" alt=\"woltrax-2\" width=\"79\" height=\"58\" \/>\u00a0 <a href=\"http:\/\/www.freespiritflow.com\/woltrax\/\" target=\"_blank\"><span style=\"color: #333399;\"><strong>WOLTRAX<\/strong><\/span><\/a><\/h3>\n<p>&nbsp;<\/p>\n<h2><span style=\"color: #3366ff;\">Free Spirit:<\/span><\/h2>\n<h3><a href=\"http:\/\/www.freespiritflow.com\/pavel-vesely\/\" target=\"_blank\"><img decoding=\"async\" loading=\"lazy\" class=\"alignnone wp-image-385\" src=\"http:\/\/www.freespiritflow.com\/wp-content\/uploads\/2016\/11\/Pavel-Vesel\u00fd-1-231x300.jpg\" alt=\"pavel-vesely\" width=\"50\" height=\"65\" srcset=\"http:\/\/www.freespiritflow.com\/wp-content\/uploads\/2016\/11\/Pavel-Vesel\u00fd-1-231x300.jpg 231w, http:\/\/www.freespiritflow.com\/wp-content\/uploads\/2016\/11\/Pavel-Vesel\u00fd-1-768x998.jpg 768w, http:\/\/www.freespiritflow.com\/wp-content\/uploads\/2016\/11\/Pavel-Vesel\u00fd-1-788x1024.jpg 788w, http:\/\/www.freespiritflow.com\/wp-content\/uploads\/2016\/11\/Pavel-Vesel\u00fd-1.jpg 962w\" sizes=\"(max-width: 50px) 100vw, 50px\" \/>\u00a0<span style=\"color: #333399;\"><strong>Mgr.Pavel Vesel\u00fd<\/strong><\/span><\/a><\/h3>\n<p><img decoding=\"async\" loading=\"lazy\" class=\"alignnone wp-image-606\" src=\"http:\/\/www.freespiritflow.com\/wp-content\/uploads\/2016\/11\/market-profile-214x300.jpg\" alt=\"market-profile\" width=\"64\" height=\"89\" srcset=\"http:\/\/www.freespiritflow.com\/wp-content\/uploads\/2016\/11\/market-profile-214x300.jpg 214w, http:\/\/www.freespiritflow.com\/wp-content\/uploads\/2016\/11\/market-profile.jpg 659w\" sizes=\"(max-width: 64px) 100vw, 64px\" \/><a href=\"http:\/\/www.freespiritflow.com\/cs\/marketa-cernocka\/\" target=\"_blank\">Mgr.Mark\u00e9ta \u010cernock\u00e1<\/a><\/p>","protected":false},"excerpt":{"rendered":"<p>In this section you&#8217;re welcomed to see art of various joyous people all over the world, who let their own spirit to guide them. Fine Artists: Aron Gadd &nbsp; &nbsp; \u00a0Josephine Wall \u00a0Ivo \u0160ev\u010d\u00edk Musicians: \u00a0 Maok \u00a0 WOLTRAX &nbsp; Free Spirit: \u00a0Mgr.Pavel Vesel\u00fd Mgr.Mark\u00e9ta \u010cernock\u00e1<\/p>\n","protected":false},"author":1,"featured_media":0,"parent":0,"menu_order":0,"comment_status":"closed","ping_status":"closed","template":"","meta":[],"_links":{"self":[{"href":"http:\/\/www.freespiritflow.com\/en\/wp-json\/wp\/v2\/pages\/34"}],"collection":[{"href":"http:\/\/www.freespiritflow.com\/en\/wp-json\/wp\/v2\/pages"}],"about":[{"href":"http:\/\/www.freespiritflow.com\/en\/wp-json\/wp\/v2\/types\/page"}],"author":[{"embeddable":true,"href":"http:\/\/www.freespiritflow.com\/en\/wp-json\/wp\/v2\/users\/1"}],"replies":[{"embeddable":true,"href":"http:\/\/www.freespiritflow.com\/en\/wp-json\/wp\/v2\/comments?post=34"}],"version-history":[{"count":20,"href":"http:\/\/www.freespiritflow.com\/en\/wp-json\/wp\/v2\/pages\/34\/revisions"}],"predecessor-version":[{"id":888,"href":"http:\/\/www.freespiritflow.com\/en\/wp-json\/wp\/v2\/pages\/34\/revisions\/888"}],"wp:attachment":[{"href":"http:\/\/www.freespiritflow.com\/en\/wp-json\/wp\/v2\/media?parent=34"}],"curies":[{"name":"wp","href":"https:\/\/api.w.org\/{rel}","templated":true}]}}